{"id":234,"date":"2026-01-16T15:48:42","date_gmt":"2026-01-16T15:48:42","guid":{"rendered":"https:\/\/ampenergy.nl\/?page_id=234"},"modified":"2026-01-18T20:54:49","modified_gmt":"2026-01-18T20:54:49","slug":"vacatures","status":"publish","type":"page","link":"https:\/\/test.ampenergy.nl\/index.php\/vacatures\/","title":{"rendered":"Vacatures"},"content":{"rendered":"\t\t<div data-elementor-type=\"wp-page\" data-elementor-id=\"234\" class=\"elementor elementor-234\">\n\t\t\t\t<div class=\"elementor-element elementor-element-066008f e-flex e-con-boxed e-con e-parent\" data-id=\"066008f\" data-element_type=\"container\" data-settings=\"{&quot;background_background&quot;:&quot;classic&quot;}\">\n\t\t\t\t\t<div class=\"e-con-inner\">\n\t\t\t\t\t<\/div>\n\t\t\t\t<\/div>\n\t\t<div class=\"elementor-element elementor-element-90d76a5 e-flex e-con-boxed e-con e-parent\" data-id=\"90d76a5\" data-element_type=\"container\">\n\t\t\t\t\t<div class=\"e-con-inner\">\n\t\t<div class=\"elementor-element elementor-element-2fd014c e-con-full e-flex e-con e-child\" data-id=\"2fd014c\" data-element_type=\"container\">\n\t\t\t\t<div class=\"elementor-element elementor-element-e3d50d6 elementor-widget elementor-widget-heading\" data-id=\"e3d50d6\" data-element_type=\"widget\" data-widget_type=\"heading.default\">\n\t\t\t\t\t<h3 class=\"elementor-heading-title elementor-size-default\">Doe je mee met AMP Energy B.V.?<\/h3>\t\t\t\t<\/div>\n\t\t\t\t<div class=\"elementor-element elementor-element-274f4ac elementor-widget elementor-widget-text-editor\" data-id=\"274f4ac\" data-element_type=\"widget\" data-widget_type=\"text-editor.default\">\n\t\t\t\t\t\t\t\t\t<p style=\"font-weight: 400;\">Bij AMP Energy werken we niet alleen \u00e1\u00e1n de energietransitie, we z\u00edjn de energietransitie. Zoek jij een plek waar jouw ambities en onze missie samenkomen?<\/p>\t\t\t\t\t\t\t\t<\/div>\n\t\t\t\t<\/div>\n\t\t<div class=\"elementor-element elementor-element-a7ee724 e-con-full e-flex e-con e-child\" data-id=\"a7ee724\" data-element_type=\"container\">\n\t\t\t\t<div class=\"elementor-element elementor-element-62dabec elementor-widget elementor-widget-heading\" data-id=\"62dabec\" data-element_type=\"widget\" data-widget_type=\"heading.default\">\n\t\t\t\t\t<h3 class=\"elementor-heading-title elementor-size-default\">Herken jij jezelf in ons DNA?<\/h3>\t\t\t\t<\/div>\n\t\t\t\t<div class=\"elementor-element elementor-element-dc69c48 elementor-widget elementor-widget-text-editor\" data-id=\"dc69c48\" data-element_type=\"widget\" data-widget_type=\"text-editor.default\">\n\t\t\t\t\t\t\t\t\t<p>Wij zijn doeners met een groen hart. We houden van korte lijnen, mouwen opstropen en slimme oplossingen. Bij ons vind je geen hi\u00ebrarchische drempels, maar een team dat samen voor het hoogst haalbare gaat.<\/p>\t\t\t\t\t\t\t\t<\/div>\n\t\t\t\t<\/div>\n\t\t\t\t\t<\/div>\n\t\t\t\t<\/div>\n\t\t<div class=\"elementor-element elementor-element-34163bd e-flex e-con-boxed e-con e-parent\" data-id=\"34163bd\" data-element_type=\"container\">\n\t\t\t\t\t<div class=\"e-con-inner\">\n\t\t\t\t<div class=\"elementor-element elementor-element-4fd12e8 elementor-widget elementor-widget-heading\" data-id=\"4fd12e8\" data-element_type=\"widget\" data-widget_type=\"heading.default\">\n\t\t\t\t\t<h3 class=\"elementor-heading-title elementor-size-default\">Waarom AMP Energy B.V.?<\/h3>\t\t\t\t<\/div>\n\t\t\t\t\t<\/div>\n\t\t\t\t<\/div>\n\t\t<div class=\"elementor-element elementor-element-b18eb5f e-flex e-con-boxed e-con e-parent\" data-id=\"b18eb5f\" data-element_type=\"container\">\n\t\t\t\t\t<div class=\"e-con-inner\">\n\t\t\t\t<div class=\"elementor-element elementor-element-83976ab elementor-widget elementor-widget-text-editor\" data-id=\"83976ab\" data-element_type=\"widget\" data-widget_type=\"text-editor.default\">\n\t\t\t\t\t\t\t\t\t<ul><li><strong>Maak het verschil: <\/strong>Jouw werk draagt direct bij aan een duurzamere wereld.<\/li><li><strong>Groei met ons mee: <\/strong>Wij houden van ambitie. Wil je doorgroeien? Wij bieden de ruimte en support om jouw carri\u00e8re naar het volgende niveau te tillen.<\/li><li><strong>Beslis mee: <\/strong>Jouw stem telt. We zoeken denkers die verantwoordelijkheid durven nemen en meebeslissen over de koers van onze projecten.<\/li><\/ul><p style=\"font-weight: 400;\"><strong><br \/>Klaar voor de volgende stap?<\/strong><br \/>Past dit bij jou? Wacht niet langer en laat van je horen. We gaan graag met je in gesprek over jouw toekomst bij AMP Energy B.V.<\/p>\t\t\t\t\t\t\t\t<\/div>\n\t\t\t\t\t<\/div>\n\t\t\t\t<\/div>\n\t\t<div class=\"elementor-element elementor-element-e12ac83 e-flex e-con-boxed e-con e-parent\" data-id=\"e12ac83\" data-element_type=\"container\">\n\t\t\t\t\t<div class=\"e-con-inner\">\n\t\t\t\t<div class=\"elementor-element elementor-element-258de5a elementor-widget elementor-widget-heading\" data-id=\"258de5a\" data-element_type=\"widget\" data-widget_type=\"heading.default\">\n\t\t\t\t\t<h3 class=\"elementor-heading-title elementor-size-default\">Vacatures<\/h3>\t\t\t\t<\/div>\n\t\t\t\t\t<\/div>\n\t\t\t\t<\/div>\n\t\t<div class=\"elementor-element elementor-element-0fe0890 e-flex e-con-boxed e-con e-parent\" data-id=\"0fe0890\" data-element_type=\"container\">\n\t\t\t\t\t<div class=\"e-con-inner\">\n\t\t<div class=\"elementor-element elementor-element-db15a68 e-con-full e-flex e-con e-child\" data-id=\"db15a68\" data-element_type=\"container\">\n\t\t\t\t<div class=\"elementor-element elementor-element-328d52f elementor-widget elementor-widget-text-editor\" data-id=\"328d52f\" data-element_type=\"widget\" data-widget_type=\"text-editor.default\">\n\t\t\t\t\t\t\t\t\t<ul><li>HR Medewerker(ster)<\/li><li>Projectleider<\/li><li>Monteur LS\/MS<\/li><li>Engineer<\/li><li>Werkvoorbereider<\/li><li>Projectco\u00f6rdinator<\/li><li>Uitvoerder LS\/MS<\/li><li>Kraanmachinist<\/li><li>Grondwerker<\/li><\/ul>\t\t\t\t\t\t\t\t<\/div>\n\t\t\t\t<\/div>\n\t\t<div class=\"elementor-element elementor-element-af73e1d e-con-full e-flex e-con e-child\" data-id=\"af73e1d\" data-element_type=\"container\">\n\t\t\t\t<div class=\"elementor-element elementor-element-9bd427d elementor-widget elementor-widget-image\" data-id=\"9bd427d\" data-element_type=\"widget\" data-widget_type=\"image.default\">\n\t\t\t\t\t\t\t\t\t\t\t\t\t\t\t<img fetchpriority=\"high\" decoding=\"async\" width=\"275\" height=\"183\" src=\"https:\/\/test.ampenergy.nl\/wp-content\/uploads\/2026\/01\/vacatures.jpeg\" class=\"attachment-large size-large wp-image-251\" alt=\"\" \/>\t\t\t\t\t\t\t\t\t\t\t\t\t\t\t<\/div>\n\t\t\t\t<\/div>\n\t\t\t\t\t<\/div>\n\t\t\t\t<\/div>\n\t\t\t\t<\/div>\n\t\t","protected":false},"excerpt":{"rendered":"<p>Doe je mee met AMP Energy B.V.? Bij AMP Energy werken we niet alleen \u00e1\u00e1n de energietransitie, we z\u00edjn de energietransitie. Zoek jij een plek waar jouw ambities en onze missie samenkomen? Herken jij jezelf in ons DNA? Wij zijn doeners met een groen hart. We houden van korte lijnen, mouwen opstropen en slimme oplossingen.&hellip;&nbsp;<a href=\"https:\/\/test.ampenergy.nl\/index.php\/vacatures\/\" rel=\"bookmark\"><span class=\"screen-reader-text\">Vacatures<\/span><\/a><\/p>\n","protected":false},"author":1,"featured_media":0,"parent":0,"menu_order":0,"comment_status":"closed","ping_status":"closed","template":"page-templates\/template-pagebuilder-full-width.php","meta":{"neve_meta_sidebar":"","neve_meta_container":"","neve_meta_enable_content_width":"","neve_meta_content_width":0,"neve_meta_title_alignment":"","neve_meta_author_avatar":"","neve_post_elements_order":"","neve_meta_disable_header":"","neve_meta_disable_footer":"","neve_meta_disable_title":"","footnotes":""},"class_list":["post-234","page","type-page","status-publish","hentry"],"_links":{"self":[{"href":"https:\/\/test.ampenergy.nl\/index.php\/wp-json\/wp\/v2\/pages\/234","targetHints":{"allow":["GET"]}}],"collection":[{"href":"https:\/\/test.ampenergy.nl\/index.php\/wp-json\/wp\/v2\/pages"}],"about":[{"href":"https:\/\/test.ampenergy.nl\/index.php\/wp-json\/wp\/v2\/types\/page"}],"author":[{"embeddable":true,"href":"https:\/\/test.ampenergy.nl\/index.php\/wp-json\/wp\/v2\/users\/1"}],"replies":[{"embeddable":true,"href":"https:\/\/test.ampenergy.nl\/index.php\/wp-json\/wp\/v2\/comments?post=234"}],"version-history":[{"count":19,"href":"https:\/\/test.ampenergy.nl\/index.php\/wp-json\/wp\/v2\/pages\/234\/revisions"}],"predecessor-version":[{"id":295,"href":"https:\/\/test.ampenergy.nl\/index.php\/wp-json\/wp\/v2\/pages\/234\/revisions\/295"}],"wp:attachment":[{"href":"https:\/\/test.ampenergy.nl\/index.php\/wp-json\/wp\/v2\/media?parent=234"}],"curies":[{"name":"wp","href":"https:\/\/api.w.org\/{rel}","templated":true}]}}